{"id":2054,"date":"2023-06-21T14:30:14","date_gmt":"2023-06-21T12:30:14","guid":{"rendered":"https:\/\/glas-seele.hennemann-webdesign.de\/glas\/?page_id=2054"},"modified":"2023-06-21T14:51:02","modified_gmt":"2023-06-21T12:51:02","slug":"minijob","status":"publish","type":"page","link":"https:\/\/glas-seele.hennemann-webdesign.de\/glas\/karriere\/minijob\/","title":{"rendered":"Minijobs"},"content":{"rendered":"\n\t\t<div id=\"fws_69e774f453f58\"  data-column-margin=\"default\" data-midnight=\"dark\"  class=\"wpb_row vc_row-fluid vc_row\"  style=\"padding-top: 90px; padding-bottom: 90px; \"><div class=\"row-bg-wrap\" data-bg-animation=\"none\" data-bg-animation-delay=\"\" data-bg-overlay=\"false\"><div class=\"inner-wrap row-bg-layer\" ><div class=\"row-bg viewport-desktop\"  style=\"\"><\/div><\/div><\/div><div class=\"row_col_wrap_12 col span_12 dark left\">\n\t<div  class=\"vc_col-sm-6 abstand_nach_60 wpb_column column_container vc_column_container col no-extra-padding inherit_tablet inherit_phone \"  data-padding-pos=\"all\" data-has-bg-color=\"false\" data-bg-color=\"\" data-bg-opacity=\"1\" data-animation=\"\" data-delay=\"0\" >\n\t\t<div class=\"vc_column-inner\" >\n\t\t\t<div class=\"wpb_wrapper\">\n\t\t\t\t\n<div class=\"wpb_text_column wpb_content_element \" >\n\t<div class=\"wpb_wrapper\">\n\t\t<h1>Minijob<\/h1>\n<h2>Offene Minijobs<\/h2>\n<p>Sie sind auf der Suche nach einem Minijob?<\/p>\n<p>Sofern wir Minijobs zu besetzen haben, finden Sie diese hier.<\/p>\n\t<\/div>\n<\/div>\n\n\n\n<div class=\"divider-wrap\" data-alignment=\"default\"><div style=\"height: 80px;\" class=\"divider\"><\/div><\/div><div id=\"fws_69e774f45e875\" data-midnight=\"\" data-column-margin=\"default\" class=\"wpb_row vc_row-fluid vc_row inner_row vc_row-o-equal-height vc_row-flex vc_row-o-content-middle vc_custom_1571987654899 blue\"  style=\"\"><div class=\"row-bg-wrap\"> <div class=\"row-bg\" ><\/div> <\/div><div class=\"row_col_wrap_12_inner col span_12  left\">\n\t<div  class=\"vc_col-sm-5 wpb_column column_container vc_column_container col child_column padding-3-percent inherit_tablet inherit_phone \"   data-padding-pos=\"all\" data-has-bg-color=\"false\" data-bg-color=\"\" data-bg-opacity=\"1\" data-animation=\"\" data-delay=\"0\" >\n\t\t<div class=\"vc_column-inner\" >\n\t\t<div class=\"wpb_wrapper\">\n\t\t\t<div class=\"img-with-aniamtion-wrap \" data-max-width=\"100%\" data-max-width-mobile=\"default\" data-shadow=\"none\" data-animation=\"fade-in\" >\n      <div class=\"inner\">\n        <div class=\"hover-wrap\"> \n          <div class=\"hover-wrap-inner\">\n            <img loading=\"lazy\" decoding=\"async\" class=\"img-with-animation skip-lazy \" data-delay=\"0\" height=\"765\" width=\"765\" data-animation=\"fade-in\" src=\"https:\/\/glas-seele.hennemann-webdesign.de\/glas\/wp-content\/uploads\/sites\/3\/2019\/10\/glas_seele-team-29m-quad.jpg\" alt=\"\" srcset=\"https:\/\/glas-seele.hennemann-webdesign.de\/glas\/wp-content\/uploads\/sites\/3\/2019\/10\/glas_seele-team-29m-quad.jpg 765w, https:\/\/glas-seele.hennemann-webdesign.de\/glas\/wp-content\/uploads\/sites\/3\/2019\/10\/glas_seele-team-29m-quad-150x150.jpg 150w, https:\/\/glas-seele.hennemann-webdesign.de\/glas\/wp-content\/uploads\/sites\/3\/2019\/10\/glas_seele-team-29m-quad-300x300.jpg 300w, https:\/\/glas-seele.hennemann-webdesign.de\/glas\/wp-content\/uploads\/sites\/3\/2019\/10\/glas_seele-team-29m-quad-100x100.jpg 100w, https:\/\/glas-seele.hennemann-webdesign.de\/glas\/wp-content\/uploads\/sites\/3\/2019\/10\/glas_seele-team-29m-quad-140x140.jpg 140w, https:\/\/glas-seele.hennemann-webdesign.de\/glas\/wp-content\/uploads\/sites\/3\/2019\/10\/glas_seele-team-29m-quad-500x500.jpg 500w, https:\/\/glas-seele.hennemann-webdesign.de\/glas\/wp-content\/uploads\/sites\/3\/2019\/10\/glas_seele-team-29m-quad-350x350.jpg 350w\" sizes=\"auto, (max-width: 765px) 100vw, 765px\" \/>\n          <\/div>\n        <\/div>\n      <\/div>\n    <\/div>\n\t\t<\/div> \n\t<\/div>\n\t<\/div> \n\n\t<div  class=\"vc_col-sm-7 wpb_column column_container vc_column_container col child_column padding-3-percent inherit_tablet inherit_phone \"   data-padding-pos=\"all\" data-has-bg-color=\"false\" data-bg-color=\"\" data-bg-opacity=\"1\" data-animation=\"\" data-delay=\"0\" >\n\t\t<div class=\"vc_column-inner\" >\n\t\t<div class=\"wpb_wrapper\">\n\t\t\t\n<div class=\"wpb_text_column wpb_content_element \" >\n\t<div class=\"wpb_wrapper\">\n\t\t<h4>Ihre Ansprechpartnerin<\/h4>\n<p><strong>Irmgard H\u00f6lzl<\/strong><br \/>\nPersonalreferentin<br \/>\nTelefon: <a style=\"text-decoration: none\" href=\"tel:+4982120829023\">0821_208 290-23<\/a><br \/>\nTelefax: 0821_208 290-15<br \/>\n<a href=\"&#x6d;&#x61;&#105;l&#x74;&#x6f;&#58;be&#x77;&#x65;&#114;b&#x75;&#x6e;&#103;&#64;g&#x6c;&#x61;&#115;-&#x73;&#x65;&#101;&#108;e&#x2e;&#x64;&#101;\">be&#119;&#101;&#x72;&#x62;&#x75;&#x6e;g&#64;&#103;&#108;&#x61;&#x73;&#x2d;&#x73;ee&#108;&#101;&#46;&#x64;&#x65;<\/a><\/p>\n\t<\/div>\n<\/div>\n\n\n\n\n\t\t<\/div> \n\t<\/div>\n\t<\/div> \n<\/div><\/div>\n\t\t\t<\/div> \n\t\t<\/div>\n\t<\/div> \n\n\t<div  class=\"vc_col-sm-6 wpb_column column_container vc_column_container col no-extra-padding inherit_tablet inherit_phone \"  data-padding-pos=\"all\" data-has-bg-color=\"false\" data-bg-color=\"\" data-bg-opacity=\"1\" data-animation=\"\" data-delay=\"0\" >\n\t\t<div class=\"vc_column-inner\" >\n\t\t\t<div class=\"wpb_wrapper\">\n\t\t\t\t\n    <div class=\"row blog-recent columns-1\" data-style=\"minimal\" data-color-scheme=\"light\" data-remove-post-date=\"1\" data-remove-post-author=\"1\" data-remove-post-comment-number=\"1\" data-remove-post-nectar-love=\"1\">\n\n      \n      <div class=\"col span_12 post-1743 post type-post status-publish format-standard category-karriere category-minijob\" >\n\n        \n            <a href=\"https:\/\/glas-seele.hennemann-webdesign.de\/glas\/karriere\/minijob\/reinigungskraft-minijob-m-w-d\/\" aria-label=\"Reinigungskraft (m\/w\/d) Minijob\"><\/a>\n            <div class=\"post-header\">\n              <span class=\"meta\"> <span> 24. Mai 2024<\/span> in <a href=\"https:\/\/glas-seele.hennemann-webdesign.de\/glas\/category\/karriere\/\">Karriere<\/a>, <a href=\"https:\/\/glas-seele.hennemann-webdesign.de\/glas\/category\/karriere\/minijob\/\">Minijobs<\/a> <\/span>\n              <h3 class=\"title\">Reinigungskraft (m\/w\/d) Minijob<\/h3>\n            <\/div>\n            <div class=\"excerpt\">Minijob Reinigungskraft (m\/w\/d) F\u00fcr unser Unternehmen suchen wir Sie als Reinigungskraft (m\/w\/d). Ihre Ansprechpartnerin Irmgard H\u00f6lzl Personalreferentin Telefon: 0821_208 290-23 Telefax: 0821_208 290-15 &#98;&#101;&#x77;e&#114;&#x62;&#x75;n&#103;&#x40;&#x67;l&#97;&#x73;-&#115;&#x65;&#x65;l&#101;&#x2e;&#x64;e Ihre Aufgaben: Reinigungsarbeiten im gesamten Verwaltungstrakt&hellip;<\/div>            <span>Read More <i class=\"icon-button-arrow\"><\/i><\/span>\n\n          \n      <\/div><!--\/col-->\n\n      \n    <\/div><!--\/blog-recent-->\n\n  \n\t\t\t<\/div> \n\t\t<\/div>\n\t<\/div> \n<\/div><\/div>\n\t\t<div id=\"fws_69e774f466f1b\"  data-column-margin=\"default\" data-midnight=\"custom\"  class=\"wpb_row vc_row-fluid vc_row full-width-section\"  style=\"padding-top: 90px; padding-bottom: 60px; \"><div class=\"row-bg-wrap\" data-bg-animation=\"none\" data-bg-animation-delay=\"\" data-bg-overlay=\"false\"><div class=\"inner-wrap row-bg-layer using-image\" ><div class=\"row-bg viewport-desktop using-image\"  style=\"background-image: url(https:\/\/glas-seele.hennemann-webdesign.de\/glas\/wp-content\/uploads\/sites\/3\/2019\/11\/glas_seele-glas-seele_050-hg.jpg); background-position: left top; background-repeat: no-repeat; \"><\/div><\/div><\/div><div class=\"row_col_wrap_12 col span_12 custom left\">\n\t<div  class=\"vc_col-sm-6 white wpb_column column_container vc_column_container col no-extra-padding inherit_tablet inherit_phone \"  data-padding-pos=\"all\" data-has-bg-color=\"false\" data-bg-color=\"\" data-bg-opacity=\"1\" data-animation=\"\" data-delay=\"0\" >\n\t\t<div class=\"vc_column-inner\" >\n\t\t\t<div class=\"wpb_wrapper\">\n\t\t\t\t\n<div class=\"wpb_text_column wpb_content_element \" >\n\t<div class=\"wpb_wrapper\">\n\t\t<h1>Gute Gr\u00fcnde<\/h1>\n<h2>Das spricht f\u00fcr uns!<\/h2>\n\t<\/div>\n<\/div>\n\n\n\n<div class=\"divider-wrap\" data-alignment=\"default\"><div style=\"height: 60px;\" class=\"divider\"><\/div><\/div>\n\t\t\t<\/div> \n\t\t<\/div>\n\t<\/div> \n\n\t<div  class=\"vc_col-sm-6 togglepanel wpb_column column_container vc_column_container col no-extra-padding inherit_tablet inherit_phone \"  data-padding-pos=\"all\" data-has-bg-color=\"false\" data-bg-color=\"\" data-bg-opacity=\"1\" data-animation=\"\" data-delay=\"0\" >\n\t\t<div class=\"vc_column-inner\" >\n\t\t\t<div class=\"wpb_wrapper\">\n\t\t\t\t<div class=\"toggles accordion\" data-br=\"\" data-starting=\"default\" data-style=\"minimal\"><div class=\"toggle extra-color-1\" data-inner-wrap=\"true\"><h3 class=\"toggle-title\"><a href=\"#\" role=\"button\" class=\"toggle-heading\"><i role=\"presentation\" class=\"fa fa-plus-circle\"><\/i>Flexibilit\u00e4t<\/a><\/h3><div><div class=\"inner-toggle-wrap\">\n<div class=\"wpb_text_column wpb_content_element \" >\n\t<div class=\"wpb_wrapper\">\n\t\t<h4>EIGENVERANTWORTLICHKEIT<\/h4>\n<p>Sie genie\u00dfen viel Handlungsspielraum zur Entfaltung Ihrer individuellen St\u00e4rken.<\/p>\n<h4>ARBEITSZEITKONTO<\/h4>\n<p>\u00dcberstunden fallen bei uns an, aber sie verfallen nicht. Und Sie haben die Wahl, wie Sie diese abbauen m\u00f6chten: als Einzelstunden oder tageweise. Oder Sie lassen sich die \u00dcberstunden mit dem n\u00e4chsten Gehalt ausbezahlen.<\/p>\n<h4>URLAUB<\/h4>\n<p>Nat\u00fcrlich steht Ihnen bei uns von Anfang an Urlaub zu \u2013 inklusive Urlaubs- und Weihnachtsgeld (bei Festanstellung). Mit l\u00e4ngerer Betriebszugeh\u00f6rigkeit steigt auch der Urlaubsanspruch.<\/p>\n\t<\/div>\n<\/div>\n\n\n\n\n<div class=\"wpb_text_column wpb_content_element \" >\n\t<div class=\"wpb_wrapper\">\n\t\t\t<\/div>\n<\/div>\n\n\n\n<\/div><\/div><\/div><div class=\"toggle extra-color-1\" data-inner-wrap=\"true\"><h3 class=\"toggle-title\"><a href=\"#\" role=\"button\" class=\"toggle-heading\"><i role=\"presentation\" class=\"fa fa-plus-circle\"><\/i>Karriere<\/a><\/h3><div><div class=\"inner-toggle-wrap\">\n<div class=\"wpb_text_column wpb_content_element \" >\n\t<div class=\"wpb_wrapper\">\n\t\t<h4>VIELF\u00c4LTIGE EINSTIEGSM\u00d6GLICHKEITEN<\/h4>\n<p>Ob als Sch\u00fcler, Student oder ausgebildete und erfahrene Fachkraft: glas seele bietet viele M\u00f6glichkeiten f\u00fcr eine Karriere im Glas- und Metall-Bereich.<\/p>\n<h4>INDIVIDUELLE F\u00d6RDERUNG<\/h4>\n<p>Wir bieten Ihnen ein abwechslungsreiches Aufgabengebiet mit viel Raum f\u00fcr die berufliche Weiterentwicklung. J\u00e4hrliche Mitarbeitergespr\u00e4che zeigen Ihnen Ihre Perspektiven auf.<\/p>\n<h4>WEITERBILDUNG<\/h4>\n<p>Wir unterst\u00fctzen die regelm\u00e4\u00dfige Weiterbildung unserer Mitarbeiter im technischen, kaufm\u00e4nnischen und rechtlichen Bereich \u2013 und \u00fcbernehmen die Kosten f\u00fcr Schulung und Training.<\/p>\n<h4>FINANZIELLE VERG\u00dcNSTIGUNGEN<\/h4>\n<p>Bei einer unbefristeten Besch\u00e4ftigung bezahlen wir einen Zuschuss zur Metallrente, Urlaubs- und Weihnachtsgeld sowie Verm\u00f6genswirksame Leistungen.<\/p>\n\t<\/div>\n<\/div>\n\n\n\n<\/div><\/div><\/div><div class=\"toggle extra-color-1\" data-inner-wrap=\"true\"><h3 class=\"toggle-title\"><a href=\"#\" role=\"button\" class=\"toggle-heading\"><i role=\"presentation\" class=\"fa fa-plus-circle\"><\/i>Arbeitsumfeld<\/a><\/h3><div><div class=\"inner-toggle-wrap\">\n<div class=\"wpb_text_column wpb_content_element \" >\n\t<div class=\"wpb_wrapper\">\n\t\t<h4>OFFENE T\u00dcREN<\/h4>\n<p>Flache Hierarchien, Transparenz und Aufgeschlossenheit sind Teil unseres Erfolgskonzepts. Sie haben eine Idee oder ein Anliegen? Dann lassen Sie uns dar\u00fcber reden.<\/p>\n<h4>ARBEITSPL\u00c4TZE<\/h4>\n<p>Sowohl in den B\u00fcros als auch in der Fertigung sorgen helle, offene R\u00e4ume f\u00fcr eine angenehme Arbeitsatmosph\u00e4re. Zur Entspannung zwischendurch stehen Kicker und Tischtennis bereit.<\/p>\n<h4>FRISCHE KR\u00c4FTE TANKEN<\/h4>\n<p>Sie brauchen einen Energieschub? Koffein und Vitamine gibt\u2019s bei uns gratis! Mit verschiedenen Hei\u00dfgetr\u00e4nken und frischem Obst f\u00fcllen Sie Ihre Batterien wieder auf.<\/p>\n<h4>HOMEOFFICE<\/h4>\n<p>Ihr Kind ist krank oder ein Handwerkertermin steht an? Dann k\u00f6nnen unsere B\u00fcroangestellten auch mal von zu Hause aus arbeiten.<\/p>\n<h4>ZUSAMMENHALT<\/h4>\n<p>Tolle kreative Leistungen und Innovationen entstehen dann, wenn im Team \u201edie Chemie stimmt\u201c. Bei glas seele ziehen alle an einem Strang. Jeder ist f\u00fcr den anderen da.<\/p>\n<h4>GEMEINSAMES ERLEBEN<\/h4>\n<p>Neben der Arbeit d\u00fcrfen auch Geselligkeit und Spa\u00df nicht zu kurz kommen: Gemeinsame Aktivit\u00e4ten inspirieren und schwei\u00dfen unsere Teams zusammen \u2013 sei es bei Ausfl\u00fcgen, bei kulinarischen Gen\u00fcssen oder beim Sport.<\/p>\n\t<\/div>\n<\/div>\n\n\n\n<\/div><\/div><\/div><\/div>\n\n\n\n\n\n\n\n\n\n\n\n\n\n\n\n\n\n\n\n\n\t\t\t<\/div> \n\t\t<\/div>\n\t<\/div> \n<\/div><\/div>\n","protected":false},"excerpt":{"rendered":"Minijob Reinigungskraft (m\/w\/d) F\u00fcr unser Unternehmen suchen wir Sie als Reinigungskraft (m\/w\/d). Ihre Ansprechpartnerin Irmgard H\u00f6lzl Personalreferentin Telefon: 0821_208 290-23 Telefax: 0821_208 290-15 &#x62;&#x65;&#x77;&#x65;&#x72;&#98;&#117;&#110;&#103;&#64;gl&#x61;&#x73;&#x2d;&#x73;&#x65;&#x65;&#108;&#101;&#46;de ZUR\u00dcCK ZUR KARRIERESEITE Ihre Aufgaben: Reinigungsarbeiten...","protected":false},"author":5,"featured_media":0,"parent":47,"menu_order":0,"comment_status":"closed","ping_status":"closed","template":"","meta":{"footnotes":""},"class_list":["post-2054","page","type-page","status-publish"],"publishpress_future_action":{"enabled":false,"date":"2026-04-28 15:00:36","action":"change-status","newStatus":"draft","terms":[],"taxonomy":""},"publishpress_future_workflow_manual_trigger":{"enabledWorkflows":[]},"_links":{"self":[{"href":"https:\/\/glas-seele.hennemann-webdesign.de\/glas\/wp-json\/wp\/v2\/pages\/2054","targetHints":{"allow":["GET"]}}],"collection":[{"href":"https:\/\/glas-seele.hennemann-webdesign.de\/glas\/wp-json\/wp\/v2\/pages"}],"about":[{"href":"https:\/\/glas-seele.hennemann-webdesign.de\/glas\/wp-json\/wp\/v2\/types\/page"}],"author":[{"embeddable":true,"href":"https:\/\/glas-seele.hennemann-webdesign.de\/glas\/wp-json\/wp\/v2\/users\/5"}],"replies":[{"embeddable":true,"href":"https:\/\/glas-seele.hennemann-webdesign.de\/glas\/wp-json\/wp\/v2\/comments?post=2054"}],"version-history":[{"count":5,"href":"https:\/\/glas-seele.hennemann-webdesign.de\/glas\/wp-json\/wp\/v2\/pages\/2054\/revisions"}],"predecessor-version":[{"id":2060,"href":"https:\/\/glas-seele.hennemann-webdesign.de\/glas\/wp-json\/wp\/v2\/pages\/2054\/revisions\/2060"}],"up":[{"embeddable":true,"href":"https:\/\/glas-seele.hennemann-webdesign.de\/glas\/wp-json\/wp\/v2\/pages\/47"}],"wp:attachment":[{"href":"https:\/\/glas-seele.hennemann-webdesign.de\/glas\/wp-json\/wp\/v2\/media?parent=2054"}],"curies":[{"name":"wp","href":"https:\/\/api.w.org\/{rel}","templated":true}]}}