{"id":1001,"date":"2019-09-03T10:16:16","date_gmt":"2019-09-03T08:16:16","guid":{"rendered":"https:\/\/glasseele.kbwbrands.de\/metall\/?page_id=1001"},"modified":"2020-01-22T11:48:09","modified_gmt":"2020-01-22T10:48:09","slug":"ausbildung","status":"publish","type":"page","link":"https:\/\/glas-seele.hennemann-webdesign.de\/metall\/karriere\/ausbildung\/","title":{"rendered":"Ausbildung"},"content":{"rendered":"\n\t\t<div id=\"fws_69e774ec22f0f\"  data-column-margin=\"default\" data-midnight=\"dark\"  class=\"wpb_row vc_row-fluid vc_row\"  style=\"padding-top: 90px; padding-bottom: 90px; \"><div class=\"row-bg-wrap\" data-bg-animation=\"none\" data-bg-animation-delay=\"\" data-bg-overlay=\"false\"><div class=\"inner-wrap row-bg-layer\" ><div class=\"row-bg viewport-desktop\"  style=\"\"><\/div><\/div><\/div><div class=\"row_col_wrap_12 col span_12 dark left\">\n\t<div  class=\"vc_col-sm-6 abstand_nach_60 wpb_column column_container vc_column_container col no-extra-padding\"  data-padding-pos=\"all\" data-has-bg-color=\"false\" data-bg-color=\"\" data-bg-opacity=\"1\" data-animation=\"\" data-delay=\"0\" >\n\t\t<div class=\"vc_column-inner\" >\n\t\t\t<div class=\"wpb_wrapper\">\n\t\t\t\t\n<div class=\"wpb_text_column wpb_content_element \" >\n\t<div class=\"wpb_wrapper\">\n\t\t<h1>AUSBILDUNG<\/h1>\n<h2>Grundstein f\u00fcr eine erfolgreiche Berufslaufbahn<\/h2>\n<p>Der innovativen Glas- und Metallverarbeitung geh\u00f6rt die Zukunft. Mit einer Ausbildung in diesem Bereich er\u00f6ffnen Sie sich langfristig beste Chancen.<\/p>\n<p>Azubis, die sich in der Ausbildung bei uns bew\u00e4hrt haben, werden in der Regel in eine Festanstellung \u00fcbernommen. glas seele unterst\u00fctzt Sie nicht nur mit individueller Pr\u00fcfungsbetreuung, sondern organisiert f\u00fcr Sie auch die Teilnahme an Ausbildungskursen der Handwerkskammer.<\/p>\n<p>Sie m\u00f6chten mehr \u00fcber Ausbildungsberufe bei glas seele erfahren? Unser Personalteam ber\u00e4t Sie gerne.<\/p>\n\t<\/div>\n<\/div>\n\n\n\n<div class=\"divider-wrap\" data-alignment=\"default\"><div style=\"height: 80px;\" class=\"divider\"><\/div><\/div><div id=\"fws_69e774ec2dc97\" data-midnight=\"\" data-column-margin=\"default\" class=\"wpb_row vc_row-fluid vc_row inner_row vc_row-o-equal-height vc_row-flex vc_row-o-content-middle vc_custom_1571987654899 blue\"  style=\"\"><div class=\"row-bg-wrap\"> <div class=\"row-bg\" ><\/div> <\/div><div class=\"row_col_wrap_12_inner col span_12  left\">\n\t<div  class=\"vc_col-sm-5 wpb_column column_container vc_column_container col child_column padding-3-percent\"   data-padding-pos=\"all\" data-has-bg-color=\"false\" data-bg-color=\"\" data-bg-opacity=\"1\" data-animation=\"\" data-delay=\"0\" >\n\t\t<div class=\"vc_column-inner\" >\n\t\t<div class=\"wpb_wrapper\">\n\t\t\t<div class=\"img-with-aniamtion-wrap \" data-max-width=\"100%\" data-max-width-mobile=\"100%\" data-shadow=\"none\" data-animation=\"fade-in\" >\n      <div class=\"inner\">\n        <div class=\"hover-wrap\"> \n          <div class=\"hover-wrap-inner\">\n            <img loading=\"lazy\" decoding=\"async\" class=\"img-with-animation skip-lazy \" data-delay=\"0\" height=\"765\" width=\"765\" data-animation=\"fade-in\" src=\"https:\/\/glas-seele.hennemann-webdesign.de\/metall\/wp-content\/uploads\/sites\/2\/2019\/10\/glas_seele-team-29m-quad.jpg\" alt=\"Foto der Personalreferentin von glas seele\" srcset=\"https:\/\/glas-seele.hennemann-webdesign.de\/metall\/wp-content\/uploads\/sites\/2\/2019\/10\/glas_seele-team-29m-quad.jpg 765w, https:\/\/glas-seele.hennemann-webdesign.de\/metall\/wp-content\/uploads\/sites\/2\/2019\/10\/glas_seele-team-29m-quad-150x150.jpg 150w, https:\/\/glas-seele.hennemann-webdesign.de\/metall\/wp-content\/uploads\/sites\/2\/2019\/10\/glas_seele-team-29m-quad-300x300.jpg 300w, https:\/\/glas-seele.hennemann-webdesign.de\/metall\/wp-content\/uploads\/sites\/2\/2019\/10\/glas_seele-team-29m-quad-100x100.jpg 100w, https:\/\/glas-seele.hennemann-webdesign.de\/metall\/wp-content\/uploads\/sites\/2\/2019\/10\/glas_seele-team-29m-quad-140x140.jpg 140w, https:\/\/glas-seele.hennemann-webdesign.de\/metall\/wp-content\/uploads\/sites\/2\/2019\/10\/glas_seele-team-29m-quad-500x500.jpg 500w, https:\/\/glas-seele.hennemann-webdesign.de\/metall\/wp-content\/uploads\/sites\/2\/2019\/10\/glas_seele-team-29m-quad-350x350.jpg 350w\" sizes=\"auto, (max-width: 765px) 100vw, 765px\" \/>\n          <\/div>\n        <\/div>\n      <\/div>\n    <\/div>\n\t\t<\/div> \n\t<\/div>\n\t<\/div> \n\n\t<div  class=\"vc_col-sm-7 wpb_column column_container vc_column_container col child_column padding-3-percent\"   data-padding-pos=\"all\" data-has-bg-color=\"false\" data-bg-color=\"\" data-bg-opacity=\"1\" data-animation=\"\" data-delay=\"0\" >\n\t\t<div class=\"vc_column-inner\" >\n\t\t<div class=\"wpb_wrapper\">\n\t\t\t\n<div class=\"wpb_text_column wpb_content_element \" >\n\t<div class=\"wpb_wrapper\">\n\t\t<h4>Ihre Ansprechpartnerin<\/h4>\n<p><strong>Irmgard H\u00f6lzl<\/strong><br \/>\nPersonalreferentin<br \/>\nTelefon: <a style=\"text-decoration: none\" href=\"tel:+4982120829023\">0821_208 290-23<\/a><br \/>\nTelefax: 0821_208 290-15<br \/>\n<a href=\"&#109;a&#x69;l&#x74;o&#x3a;&#98;&#x65;&#119;&#x65;&#114;b&#x75;n&#x67;&#64;&#x67;&#108;&#x61;&#115;&#x2d;&#115;&#x65;&#101;l&#x65;&#46;&#x64;e\">&#x62;&#x65;&#x77;&#x65;&#x72;&#x62;&#x75;&#x6e;&#x67;&#x40;&#x67;&#x6c;&#x61;&#x73;&#x2d;&#x73;&#x65;&#x65;&#x6c;&#x65;&#x2e;&#x64;&#101;<\/a><\/p>\n\t<\/div>\n<\/div>\n\n\n\n\n\t\t<\/div> \n\t<\/div>\n\t<\/div> \n<\/div><\/div>\n\t\t\t<\/div> \n\t\t<\/div>\n\t<\/div> \n\n\t<div  class=\"vc_col-sm-6 wpb_column column_container vc_column_container col no-extra-padding\"  data-padding-pos=\"all\" data-has-bg-color=\"false\" data-bg-color=\"\" data-bg-opacity=\"1\" data-animation=\"\" data-delay=\"0\" >\n\t\t<div class=\"vc_column-inner\" >\n\t\t\t<div class=\"wpb_wrapper\">\n\t\t\t\t\n    <div class=\"row blog-recent columns-1\" data-style=\"minimal\" data-color-scheme=\"light\" data-remove-post-date=\"1\" data-remove-post-author=\"1\" data-remove-post-comment-number=\"1\" data-remove-post-nectar-love=\"1\">\n\n      \n      <div class=\"col span_12 post-612 post type-post status-publish format-standard category-ausbildung category-karriere\" >\n\n        \n            <a href=\"https:\/\/glas-seele.hennemann-webdesign.de\/metall\/karriere\/ausbildung\/ausbildung-metallbauer\/\" aria-label=\"Auszubildende Metallbauer Konstruktionstechnik\"><\/a>\n            <div class=\"post-header\">\n              <span class=\"meta\"> <span> 16. April 2025<\/span> in <a href=\"https:\/\/glas-seele.hennemann-webdesign.de\/metall\/category\/karriere\/ausbildung\/\">Ausbildung<\/a>, <a href=\"https:\/\/glas-seele.hennemann-webdesign.de\/metall\/category\/karriere\/\">Karriere<\/a> <\/span>\n              <h3 class=\"title\">Auszubildende Metallbauer Konstruktionstechnik<\/h3>\n            <\/div>\n            <div class=\"excerpt\">Ausbildungsberuf Metallbauer Konstruktionstechnik ab 01.09.2025 In unserem Unternehmen bieten wir Dir ab 1. September 2025 einen Ausbildungsplatz als Metallbauer Fachrichtung Konstruktionstechnik (m\/w\/d) Ihre Ansprechpartnerin Irmgard H\u00f6lzl Personalreferentin Telefon: 0821_208 290-23&hellip;<\/div>            <span>Read More <i class=\"icon-button-arrow\"><\/i><\/span>\n\n          \n      <\/div><!--\/col-->\n\n      \n      <div class=\"col span_12 post-2177 post type-post status-publish format-standard category-ausbildung category-karriere\" >\n\n        \n            <a href=\"https:\/\/glas-seele.hennemann-webdesign.de\/metall\/karriere\/ausbildung\/ausbildung-technischer-systemplaner-m-w-d\/\" aria-label=\"Auszubildende Technische Systemplaner\"><\/a>\n            <div class=\"post-header\">\n              <span class=\"meta\"> <span> 15. April 2025<\/span> in <a href=\"https:\/\/glas-seele.hennemann-webdesign.de\/metall\/category\/karriere\/ausbildung\/\">Ausbildung<\/a>, <a href=\"https:\/\/glas-seele.hennemann-webdesign.de\/metall\/category\/karriere\/\">Karriere<\/a> <\/span>\n              <h3 class=\"title\">Auszubildende Technische Systemplaner<\/h3>\n            <\/div>\n            <div class=\"excerpt\">Ausbildungsberuf Technischer Systemplaner ab 01.09.2025 In unserem Unternehmen bieten wir Dir ab 1. September 2025 einen Ausbildungsplatz als Technischer Systemplaner Fachrichtung Stahl- und Metallbautechnik (m\/w\/d) Ihre Ansprechpartnerin Irmgard H\u00f6lzl Personalreferentin&hellip;<\/div>            <span>Read More <i class=\"icon-button-arrow\"><\/i><\/span>\n\n          \n      <\/div><!--\/col-->\n\n      \n    <\/div><!--\/blog-recent-->\n\n  \n\t\t\t<\/div> \n\t\t<\/div>\n\t<\/div> \n<\/div><\/div>\n\t\t<div id=\"fws_69e774ec36f8e\"  data-column-margin=\"default\" data-midnight=\"custom\"  class=\"wpb_row vc_row-fluid vc_row full-width-section\"  style=\"padding-top: 90px; padding-bottom: 60px; \"><div class=\"row-bg-wrap\" data-bg-animation=\"none\" data-bg-animation-delay=\"\" data-bg-overlay=\"false\"><div class=\"inner-wrap row-bg-layer using-image\" ><div class=\"row-bg viewport-desktop using-image\"  style=\"background-image: url(https:\/\/glas-seele.hennemann-webdesign.de\/metall\/wp-content\/uploads\/sites\/2\/2019\/10\/glas_seele-glas-seele_050-hg.jpg); background-position: left top; background-repeat: no-repeat; \"><\/div><\/div><\/div><div class=\"row_col_wrap_12 col span_12 custom left\">\n\t<div  class=\"vc_col-sm-6 white wpb_column column_container vc_column_container col no-extra-padding\"  data-padding-pos=\"all\" data-has-bg-color=\"false\" data-bg-color=\"\" data-bg-opacity=\"1\" data-animation=\"\" data-delay=\"0\" >\n\t\t<div class=\"vc_column-inner\" >\n\t\t\t<div class=\"wpb_wrapper\">\n\t\t\t\t\n<div class=\"wpb_text_column wpb_content_element \" >\n\t<div class=\"wpb_wrapper\">\n\t\t<h1>Gute Gr\u00fcnde<\/h1>\n<h2>Das spricht f\u00fcr uns!<\/h2>\n\t<\/div>\n<\/div>\n\n\n\n<div class=\"divider-wrap\" data-alignment=\"default\"><div style=\"height: 60px;\" class=\"divider\"><\/div><\/div>\n\t\t\t<\/div> \n\t\t<\/div>\n\t<\/div> \n\n\t<div  class=\"vc_col-sm-6 togglepanel wpb_column column_container vc_column_container col no-extra-padding\"  data-padding-pos=\"all\" data-has-bg-color=\"false\" data-bg-color=\"\" data-bg-opacity=\"1\" data-animation=\"\" data-delay=\"0\" >\n\t\t<div class=\"vc_column-inner\" >\n\t\t\t<div class=\"wpb_wrapper\">\n\t\t\t\t<div class=\"toggles accordion\" data-br=\"\" data-starting=\"default\" data-style=\"minimal\"><div class=\"toggle extra-color-1\" data-inner-wrap=\"true\"><h3 class=\"toggle-title\"><a href=\"#\" role=\"button\" class=\"toggle-heading\"><i role=\"presentation\" class=\"fa fa-plus-circle\"><\/i>Flexibilit\u00e4t<\/a><\/h3><div><div class=\"inner-toggle-wrap\">\n<div class=\"wpb_text_column wpb_content_element \" >\n\t<div class=\"wpb_wrapper\">\n\t\t<h4>EIGENVERANTWORTLICHKEIT<\/h4>\n<p>Sie genie\u00dfen viel Handlungsspielraum zur Entfaltung Ihrer individuellen St\u00e4rken.<\/p>\n<h4>URLAUB<\/h4>\n<p>Von Anfang an haben Sie Anspruch auf 20 Tage Urlaub \u2013 Urlaubs- und Weihnachtsgeld sowie zus\u00e4tzliche Urlaubstage kommen nach der Ausbildung bei einer Festanstellung hinzu. Mit l\u00e4ngerer Betriebszugeh\u00f6rigkeit steigt der Urlaubsanspruch noch weiter. Sie ziehen um, heiraten oder bekommen Nachwuchs? Dann gibt\u2019s von uns daf\u00fcr einen zus\u00e4tzlichen freien Tag.<\/p>\n\t<\/div>\n<\/div>\n\n\n\n\n<div class=\"wpb_text_column wpb_content_element \" >\n\t<div class=\"wpb_wrapper\">\n\t\t\t<\/div>\n<\/div>\n\n\n\n<\/div><\/div><\/div><div class=\"toggle extra-color-1\" data-inner-wrap=\"true\"><h3 class=\"toggle-title\"><a href=\"#\" role=\"button\" class=\"toggle-heading\"><i role=\"presentation\" class=\"fa fa-plus-circle\"><\/i>Karriere<\/a><\/h3><div><div class=\"inner-toggle-wrap\">\n<div class=\"wpb_text_column wpb_content_element \" >\n\t<div class=\"wpb_wrapper\">\n\t\t<h4>\u00dcBERNAHME NACH DER AUSBILDUNG<\/h4>\n<p>Wir k\u00fcmmern uns intensiv um die F\u00f6rderung des Fachkr\u00e4ftenachwuchses und \u00fcbernehmen auch einen Teil der Ausbildungskosten. Nach der Ausbildung stellen wir die meisten unserer Azubis bei uns fest an.<\/p>\n<h4>INDIVIDUELLE F\u00d6RDERUNG<\/h4>\n<p>Wir unterst\u00fctzen Ihre Ausbildung aktiv und bieten Ihnen ein abwechslungsreiches Aufgabengebiet mit viel Raum f\u00fcr die berufliche Weiterentwicklung. J\u00e4hrliche Mitarbeitergespr\u00e4che zeigen Ihnen Ihre Perspektiven auf.<\/p>\n<h4>FINANZIELLE VERG\u00dcNSTIGUNGEN<\/h4>\n<p>Bereits w\u00e4hrend der Ausbildung nehmen wir unseren Mitarbeitern viele Kosten ab. Nach der Ausbildung, bezahlen wir, bei einer unbefristeten Besch\u00e4ftigung, einen Zuschuss zur Metallrente, Urlaubs- und Weihnachtsgeld sowie Verm\u00f6genswirksame Leistungen.<\/p>\n\t<\/div>\n<\/div>\n\n\n\n<\/div><\/div><\/div><div class=\"toggle extra-color-1\" data-inner-wrap=\"true\"><h3 class=\"toggle-title\"><a href=\"#\" role=\"button\" class=\"toggle-heading\"><i role=\"presentation\" class=\"fa fa-plus-circle\"><\/i>Arbeitsumfeld<\/a><\/h3><div><div class=\"inner-toggle-wrap\">\n<div class=\"wpb_text_column wpb_content_element \" >\n\t<div class=\"wpb_wrapper\">\n\t\t<h4>OFFENE T\u00dcREN<\/h4>\n<p>Flache Hierarchien, Transparenz und Aufgeschlossenheit sind Teil unseres Erfolgskonzepts. Sie haben eine Idee oder ein Anliegen? Dann lassen Sie uns dar\u00fcber reden.<\/p>\n<h4>ARBEITSPL\u00c4TZE<\/h4>\n<p>Sowohl in den B\u00fcros als auch in der Fertigung sorgen helle, offene R\u00e4ume f\u00fcr eine angenehme Arbeitsatmosph\u00e4re. Zur Entspannung zwischendurch stehen Kicker und Tischtennis bereit.<\/p>\n<h4>FRISCHE KR\u00c4FTE TANKEN<\/h4>\n<p>Sie brauchen einen Energieschub? Koffein und Vitamine gibt\u2019s bei uns gratis! Mit verschiedenen Hei\u00dfgetr\u00e4nken und frischem Obst f\u00fcllen Sie Ihre Batterien wieder auf.<\/p>\n<h4>ZUSAMMENHALT<\/h4>\n<p>Tolle kreative Leistungen und Innovationen entstehen dann, wenn im Team \u201edie Chemie stimmt\u201c. Bei glas seele ziehen alle an einem Strang. Jeder ist f\u00fcr den anderen da.<\/p>\n<h4>GEMEINSAMES ERLEBEN<\/h4>\n<p>Neben der Arbeit d\u00fcrfen auch Geselligkeit und Spa\u00df nicht zu kurz kommen: Gemeinsame Aktivit\u00e4ten inspirieren und schwei\u00dfen unsere Teams zusammen \u2013 sei es bei Ausfl\u00fcgen, bei kulinarischen Gen\u00fcssen oder beim Sport.<\/p>\n\t<\/div>\n<\/div>\n\n\n\n<\/div><\/div><\/div><\/div>\n\n\n\n\n\n\n\n\n\n\n\n\n\n\n\n\n\n\n\n\n\t\t\t<\/div> \n\t\t<\/div>\n\t<\/div> \n<\/div><\/div>\n","protected":false},"excerpt":{"rendered":"Ausbildungsberuf Technischer Systemplaner ab 01.09.2025 In unserem Unternehmen bieten wir Dir ab 1. September 2025 einen Ausbildungsplatz als Technischer Systemplaner Fachrichtung Stahl- und Metallbautechnik (m\/w\/d) Ihre Ansprechpartnerin Irmgard H\u00f6lzl Personalreferentin...","protected":false},"author":1,"featured_media":0,"parent":463,"menu_order":0,"comment_status":"closed","ping_status":"closed","template":"","meta":{"footnotes":""},"class_list":["post-1001","page","type-page","status-publish"],"publishpress_future_action":{"enabled":false,"date":"2026-04-28 15:00:28","action":"change-status","newStatus":"draft","terms":[],"taxonomy":""},"publishpress_future_workflow_manual_trigger":{"enabledWorkflows":[]},"_links":{"self":[{"href":"https:\/\/glas-seele.hennemann-webdesign.de\/metall\/wp-json\/wp\/v2\/pages\/1001","targetHints":{"allow":["GET"]}}],"collection":[{"href":"https:\/\/glas-seele.hennemann-webdesign.de\/metall\/wp-json\/wp\/v2\/pages"}],"about":[{"href":"https:\/\/glas-seele.hennemann-webdesign.de\/metall\/wp-json\/wp\/v2\/types\/page"}],"author":[{"embeddable":true,"href":"https:\/\/glas-seele.hennemann-webdesign.de\/metall\/wp-json\/wp\/v2\/users\/1"}],"replies":[{"embeddable":true,"href":"https:\/\/glas-seele.hennemann-webdesign.de\/metall\/wp-json\/wp\/v2\/comments?post=1001"}],"version-history":[{"count":30,"href":"https:\/\/glas-seele.hennemann-webdesign.de\/metall\/wp-json\/wp\/v2\/pages\/1001\/revisions"}],"predecessor-version":[{"id":1971,"href":"https:\/\/glas-seele.hennemann-webdesign.de\/metall\/wp-json\/wp\/v2\/pages\/1001\/revisions\/1971"}],"up":[{"embeddable":true,"href":"https:\/\/glas-seele.hennemann-webdesign.de\/metall\/wp-json\/wp\/v2\/pages\/463"}],"wp:attachment":[{"href":"https:\/\/glas-seele.hennemann-webdesign.de\/metall\/wp-json\/wp\/v2\/media?parent=1001"}],"curies":[{"name":"wp","href":"https:\/\/api.w.org\/{rel}","templated":true}]}}