{"id":1008,"date":"2023-06-15T09:15:19","date_gmt":"2023-06-15T07:15:19","guid":{"rendered":"https:\/\/glasseele.kbwbrands.de\/metall\/?page_id=1008"},"modified":"2024-06-07T08:31:30","modified_gmt":"2024-06-07T06:31:30","slug":"gruende-fuer-glasseele","status":"publish","type":"page","link":"https:\/\/glas-seele.hennemann-webdesign.de\/metall\/karriere\/gruende-fuer-glasseele\/","title":{"rendered":"Gr\u00fcnde f\u00fcr glas seele"},"content":{"rendered":"\n\t\t<div id=\"fws_69e774f175029\"  data-column-margin=\"default\" data-midnight=\"custom\"  class=\"wpb_row vc_row-fluid vc_row full-width-section\"  style=\"padding-top: 90px; padding-bottom: 60px; \"><div class=\"row-bg-wrap\" data-bg-animation=\"none\" data-bg-animation-delay=\"\" data-bg-overlay=\"false\"><div class=\"inner-wrap row-bg-layer using-image\" ><div class=\"row-bg viewport-desktop using-image\"  style=\"background-image: url(https:\/\/glas-seele.hennemann-webdesign.de\/metall\/wp-content\/uploads\/sites\/2\/2019\/10\/glas_seele-glas-seele_050-hg.jpg); background-position: left top; background-repeat: no-repeat; \"><\/div><\/div><\/div><div class=\"row_col_wrap_12 col span_12 custom left\">\n\t<div  class=\"vc_col-sm-6 white wpb_column column_container vc_column_container col no-extra-padding inherit_tablet inherit_phone \"  data-padding-pos=\"all\" data-has-bg-color=\"false\" data-bg-color=\"\" data-bg-opacity=\"1\" data-animation=\"\" data-delay=\"0\" >\n\t\t<div class=\"vc_column-inner\" >\n\t\t\t<div class=\"wpb_wrapper\">\n\t\t\t\t\n<div class=\"wpb_text_column wpb_content_element \" >\n\t<div class=\"wpb_wrapper\">\n\t\t<h1>Gr\u00fcnde f\u00fcr glas seele<\/h1>\n<h2>Das spricht f\u00fcr uns!<\/h2>\n\t<\/div>\n<\/div>\n\n\n\n<div class=\"divider-wrap\" data-alignment=\"default\"><div style=\"height: 60px;\" class=\"divider\"><\/div><\/div>\n\t\t\t<\/div> \n\t\t<\/div>\n\t<\/div> \n\n\t<div  class=\"vc_col-sm-6 togglepanel wpb_column column_container vc_column_container col no-extra-padding inherit_tablet inherit_phone \"  data-padding-pos=\"all\" data-has-bg-color=\"false\" data-bg-color=\"\" data-bg-opacity=\"1\" data-animation=\"\" data-delay=\"0\" >\n\t\t<div class=\"vc_column-inner\" >\n\t\t\t<div class=\"wpb_wrapper\">\n\t\t\t\t<div class=\"toggles accordion\" data-br=\"\" data-starting=\"default\" data-style=\"minimal\"><div class=\"toggle extra-color-1\" data-inner-wrap=\"true\"><h3 class=\"toggle-title\"><a href=\"#\" role=\"button\" class=\"toggle-heading\"><i role=\"presentation\" class=\"fa fa-plus-circle\"><\/i>Flexibilit\u00e4t<\/a><\/h3><div><div class=\"inner-toggle-wrap\">\n<div class=\"wpb_text_column wpb_content_element \" >\n\t<div class=\"wpb_wrapper\">\n\t\t<h4>EIGENVERANTWORTLICHKEIT<\/h4>\n<p>Sie genie\u00dfen viel Handlungsspielraum zur Entfaltung Ihrer individuellen St\u00e4rken.<\/p>\n<h4>ARBEITSZEITKONTO<\/h4>\n<p>\u00dcberstunden fallen bei uns an, aber sie verfallen nicht. Und Sie haben die Wahl, wie Sie diese abbauen m\u00f6chten: als Einzelstunden oder tageweise. Oder Sie lassen sich die \u00dcberstunden mit dem n\u00e4chsten Gehalt ausbezahlen.<\/p>\n<h4>URLAUB<\/h4>\n<p>Nat\u00fcrlich steht Ihnen bei uns von Anfang an Urlaub zu \u2013 inklusive Urlaubs- und Weihnachtsgeld (bei Festanstellung). Mit l\u00e4ngerer Betriebszugeh\u00f6rigkeit steigt auch der Urlaubsanspruch.<\/p>\n\t<\/div>\n<\/div>\n\n\n\n\n<div class=\"wpb_text_column wpb_content_element \" >\n\t<div class=\"wpb_wrapper\">\n\t\t\t<\/div>\n<\/div>\n\n\n\n<\/div><\/div><\/div><div class=\"toggle extra-color-1\" data-inner-wrap=\"true\"><h3 class=\"toggle-title\"><a href=\"#\" role=\"button\" class=\"toggle-heading\"><i role=\"presentation\" class=\"fa fa-plus-circle\"><\/i>Karriere<\/a><\/h3><div><div class=\"inner-toggle-wrap\">\n<div class=\"wpb_text_column wpb_content_element \" >\n\t<div class=\"wpb_wrapper\">\n\t\t<h4>VIELF\u00c4LTIGE EINSTIEGSM\u00d6GLICHKEITEN<\/h4>\n<p>Ob als Sch\u00fcler, Student oder ausgebildete und erfahrene Fachkraft: glas seele bietet viele M\u00f6glichkeiten f\u00fcr eine Karriere im Glas- und Metall-Bereich.<\/p>\n<h4>\u00dcBERNAHME NACH DER AUSBILDUNG<\/h4>\n<p>Wir k\u00fcmmern uns intensiv um die F\u00f6rderung des Fachkr\u00e4ftenachwuchses. Nach der Ausbildung stellen wir die meisten unserer Azubis bei uns fest an.<\/p>\n<h4>INDIVIDUELLE F\u00d6RDERUNG<\/h4>\n<p>Wir bieten Ihnen ein abwechslungsreiches Aufgabengebiet mit viel Raum f\u00fcr die berufliche Weiterentwicklung. J\u00e4hrliche Mitarbeitergespr\u00e4che zeigen Ihnen Ihre Perspektiven auf.<\/p>\n<h4>WEITERBILDUNG<\/h4>\n<p>Wir unterst\u00fctzen die regelm\u00e4\u00dfige Weiterbildung unserer Mitarbeiter im technischen, kaufm\u00e4nnischen und rechtlichen Bereich \u2013 und \u00fcbernehmen die Kosten f\u00fcr Schulung und Training.<\/p>\n<h4>FINANZIELLE VERG\u00dcNSTIGUNGEN<\/h4>\n<p>Bei einer unbefristeten Besch\u00e4ftigung bezahlen wir einen Zuschuss zur Metallrente, Urlaubs- und Weihnachtsgeld sowie Verm\u00f6genswirksame Leistungen.<\/p>\n\t<\/div>\n<\/div>\n\n\n\n<\/div><\/div><\/div><div class=\"toggle extra-color-1\" data-inner-wrap=\"true\"><h3 class=\"toggle-title\"><a href=\"#\" role=\"button\" class=\"toggle-heading\"><i role=\"presentation\" class=\"fa fa-plus-circle\"><\/i>Arbeitsumfeld<\/a><\/h3><div><div class=\"inner-toggle-wrap\">\n<div class=\"wpb_text_column wpb_content_element \" >\n\t<div class=\"wpb_wrapper\">\n\t\t<h4>OFFENE T\u00dcREN<\/h4>\n<p>Flache Hierarchien, Transparenz und Aufgeschlossenheit sind Teil unseres Erfolgskonzepts. Sie haben eine Idee oder ein Anliegen? Dann lassen Sie uns dar\u00fcber reden.<\/p>\n<h4>ARBEITSPL\u00c4TZE<\/h4>\n<p>Sowohl in den B\u00fcros als auch in der Fertigung sorgen helle, offene klimatisierte R\u00e4ume\u00a0 f\u00fcr eine angenehme Arbeitsatmosph\u00e4re. Zur Entspannung zwischendurch stehen Kicker und Tischtennis bereit.<\/p>\n<h4>ARBEITSKLEIDUNG<\/h4>\n<p>Als Mitarbeiter in der Fertigung oder Montage bekommen Sie von uns Arbeitskleidung gestellt.<\/p>\n<h4>FRISCHE KR\u00c4FTE TANKEN<\/h4>\n<p>Sie brauchen einen Energieschub? Mit verschiedenen Hei\u00dfgetr\u00e4nken oder Wasser aus unserer Kantine f\u00fcllen Sie Ihre Batterien wieder auf. In den Pausen oder der Mittagszeit k\u00f6nnen Sie dort Ihr Essen zubereiten und entspannt genie\u00dfen.<\/p>\n<h4>HOMEOFFICE<\/h4>\n<p>Ihr Kind ist krank oder ein Handwerkertermin steht an? Dann k\u00f6nnen unsere B\u00fcroangestellten auch mal von zu Hause aus arbeiten.<\/p>\n<h4>MITARBEITER-APP<\/h4>\n<p>In unserer Mitarbeiter-App werden regelm\u00e4\u00dfig News ver\u00f6ffentlicht, so sind sie immer auf dem Laufenden, auch wenn Sie nicht im Betrieb sind.<br \/>\nSie finden \u00fcbersichtlich alle n\u00f6tigen Informationen f\u00fcr Ihren Arbeitsalltag und Arbeitsschutz.<br \/>\nIhren Urlaubsantrag stellen Sie bequem \u00fcber die App und werden benachrichtigt, sobald dieser genehmigt wurde.<br \/>\nAuch Krankmeldungen oder die Bestellung f\u00fcr den Austausch Ihrer Arbeitskleidung teilen Sie uns hierdurch mit.<br \/>\nSie ben\u00f6tigen eine Bescheinigung oder ein Formular? Auch hier finden Sie diverse Vorlagen der Personalabteilung, welche direkt weitergleitet werden.<\/p>\n<h4>ZUSAMMENHALT<\/h4>\n<p>Tolle kreative Leistungen und Innovationen entstehen dann, wenn im Team \u201edie Chemie stimmt\u201c. Bei glas seele ziehen alle an einem Strang. Jeder ist f\u00fcr den anderen da.<\/p>\n<h4>GEMEINSAMES ERLEBEN<\/h4>\n<p>Neben der Arbeit d\u00fcrfen auch Geselligkeit und Spa\u00df nicht zu kurz kommen: Gemeinsame Aktivit\u00e4ten inspirieren und schwei\u00dfen unsere Teams zusammen \u2013 sei es bei Ausfl\u00fcgen, bei kulinarischen Gen\u00fcssen oder beim Sport.<\/p>\n\t<\/div>\n<\/div>\n\n\n\n<\/div><\/div><\/div><\/div>\n\n\n\n\n\n\n\n\n\n\n\n\n\n\n\n\n\n\n\n\n\t\t\t<\/div> \n\t\t<\/div>\n\t<\/div> \n<\/div><\/div>\n","protected":false},"excerpt":{"rendered":"Gr\u00fcnde f\u00fcr glas seele Das spricht f\u00fcr uns! Flexibilit\u00e4t EIGENVERANTWORTLICHKEIT Sie genie\u00dfen viel Handlungsspielraum zur Entfaltung Ihrer individuellen St\u00e4rken. ARBEITSZEITKONTO \u00dcberstunden fallen bei uns an, aber sie verfallen nicht. Und...","protected":false},"author":1,"featured_media":0,"parent":463,"menu_order":0,"comment_status":"closed","ping_status":"closed","template":"","meta":{"footnotes":""},"class_list":["post-1008","page","type-page","status-publish"],"publishpress_future_action":{"enabled":false,"date":"2026-04-28 15:00:33","action":"change-status","newStatus":"draft","terms":[],"taxonomy":""},"publishpress_future_workflow_manual_trigger":{"enabledWorkflows":[]},"_links":{"self":[{"href":"https:\/\/glas-seele.hennemann-webdesign.de\/metall\/wp-json\/wp\/v2\/pages\/1008","targetHints":{"allow":["GET"]}}],"collection":[{"href":"https:\/\/glas-seele.hennemann-webdesign.de\/metall\/wp-json\/wp\/v2\/pages"}],"about":[{"href":"https:\/\/glas-seele.hennemann-webdesign.de\/metall\/wp-json\/wp\/v2\/types\/page"}],"author":[{"embeddable":true,"href":"https:\/\/glas-seele.hennemann-webdesign.de\/metall\/wp-json\/wp\/v2\/users\/1"}],"replies":[{"embeddable":true,"href":"https:\/\/glas-seele.hennemann-webdesign.de\/metall\/wp-json\/wp\/v2\/comments?post=1008"}],"version-history":[{"count":16,"href":"https:\/\/glas-seele.hennemann-webdesign.de\/metall\/wp-json\/wp\/v2\/pages\/1008\/revisions"}],"predecessor-version":[{"id":2514,"href":"https:\/\/glas-seele.hennemann-webdesign.de\/metall\/wp-json\/wp\/v2\/pages\/1008\/revisions\/2514"}],"up":[{"embeddable":true,"href":"https:\/\/glas-seele.hennemann-webdesign.de\/metall\/wp-json\/wp\/v2\/pages\/463"}],"wp:attachment":[{"href":"https:\/\/glas-seele.hennemann-webdesign.de\/metall\/wp-json\/wp\/v2\/media?parent=1008"}],"curies":[{"name":"wp","href":"https:\/\/api.w.org\/{rel}","templated":true}]}}