{"id":1013,"date":"2019-09-03T11:59:14","date_gmt":"2019-09-03T09:59:14","guid":{"rendered":"https:\/\/glasseele.kbwbrands.de\/metall\/?page_id=1013"},"modified":"2020-01-22T11:48:41","modified_gmt":"2020-01-22T10:48:41","slug":"montageteam","status":"publish","type":"page","link":"https:\/\/glas-seele.hennemann-webdesign.de\/metall\/karriere\/montageteam\/","title":{"rendered":"Montageteam"},"content":{"rendered":"\n\t\t<div id=\"fws_69e774eee3556\"  data-column-margin=\"default\" data-midnight=\"dark\"  class=\"wpb_row vc_row-fluid vc_row\"  style=\"padding-top: 90px; padding-bottom: 40px; \"><div class=\"row-bg-wrap\" data-bg-animation=\"none\" data-bg-animation-delay=\"\" data-bg-overlay=\"false\"><div class=\"inner-wrap row-bg-layer\" ><div class=\"row-bg viewport-desktop\"  style=\"\"><\/div><\/div><\/div><div class=\"row_col_wrap_12 col span_12 dark left\">\n\t<div  class=\"vc_col-sm-8 wpb_column column_container vc_column_container col no-extra-padding\"  data-padding-pos=\"all\" data-has-bg-color=\"false\" data-bg-color=\"\" data-bg-opacity=\"1\" data-animation=\"\" data-delay=\"0\" >\n\t\t<div class=\"vc_column-inner\" >\n\t\t\t<div class=\"wpb_wrapper\">\n\t\t\t\t\n<div class=\"wpb_text_column wpb_content_element \" >\n\t<div class=\"wpb_wrapper\">\n\t\t<h1>Schlagfertiges MONTAGETEAM<\/h1>\n<h2>Handwerk mit direktem Draht zum Kunden<\/h2>\n\t<\/div>\n<\/div>\n\n\n\n\n\t\t\t<\/div> \n\t\t<\/div>\n\t<\/div> \n\n\t<div  class=\"vc_col-sm-4 wpb_column column_container vc_column_container col no-extra-padding\"  data-padding-pos=\"all\" data-has-bg-color=\"false\" data-bg-color=\"\" data-bg-opacity=\"1\" data-animation=\"\" data-delay=\"0\" >\n\t\t<div class=\"vc_column-inner\" >\n\t\t\t<div class=\"wpb_wrapper\">\n\t\t\t\t\n\t\t\t<\/div> \n\t\t<\/div>\n\t<\/div> \n<\/div><\/div>\n\t\t<div id=\"fws_69e774eee60ef\"  data-column-margin=\"default\" data-midnight=\"dark\"  class=\"wpb_row vc_row-fluid vc_row\"  style=\"padding-top: 0px; padding-bottom: 90px; \"><div class=\"row-bg-wrap\" data-bg-animation=\"none\" data-bg-animation-delay=\"\" data-bg-overlay=\"false\"><div class=\"inner-wrap row-bg-layer\" ><div class=\"row-bg viewport-desktop\"  style=\"\"><\/div><\/div><\/div><div class=\"row_col_wrap_12 col span_12 dark left\">\n\t<div  class=\"vc_col-sm-8 abstand_nach_60 wpb_column column_container vc_column_container col no-extra-padding\"  data-padding-pos=\"all\" data-has-bg-color=\"false\" data-bg-color=\"\" data-bg-opacity=\"1\" data-animation=\"\" data-delay=\"0\" >\n\t\t<div class=\"vc_column-inner\" >\n\t\t\t<div class=\"wpb_wrapper\">\n\t\t\t\t\n<div class=\"wpb_text_column wpb_content_element \" >\n\t<div class=\"wpb_wrapper\">\n\t\t<p>Die Montageteams sind das Herz unseres Unternehmens. Denn als Monteurinnen und Monteure bilden Sie die wichtigste Schnittstelle zwischen unserem Unternehmen und unseren Kunden \u2013 eine ebenso spannende wie verantwortungsvolle Aufgabe.<\/p>\n<p>Wir sind immer auf der Suche nach perfekt aufeinander eingespielten Montageteams oder Unternehmen, die uns bei der Montage professionell zur Seite stehen k\u00f6nnen. Sie verf\u00fcgen \u00fcber Mitarbeiter mit einer abgeschlossenen Fachausbildung als Metall-\/Glas-FacharbeiterInnen, GlaserInnen, MetallbauerInnen o. \u00c4., die Erfahrung haben mit \u2026<\/p>\n<ul>\n<li>T\u00fcren und Fenstern aus Aluminium<\/li>\n<li>Pfosten-Riegel-Fassaden<\/li>\n<li>Brand- und Rauchschutzl\u00f6sungen<\/li>\n<li>Verglasungsarbeiten aller Art<\/li>\n<\/ul>\n<p>Dann freuen wir uns darauf, von Ihnen zu h\u00f6ren!<\/p>\n\t<\/div>\n<\/div>\n\n\n\n\n\t\t\t<\/div> \n\t\t<\/div>\n\t<\/div> \n\n\t<div  class=\"vc_col-sm-1 wpb_column column_container vc_column_container col no-extra-padding\"  data-padding-pos=\"all\" data-has-bg-color=\"false\" data-bg-color=\"\" data-bg-opacity=\"1\" data-animation=\"\" data-delay=\"0\" >\n\t\t<div class=\"vc_column-inner\" >\n\t\t\t<div class=\"wpb_wrapper\">\n\t\t\t\t\n\t\t\t<\/div> \n\t\t<\/div>\n\t<\/div> \n\n\t<div  class=\"vc_col-sm-3 wpb_column column_container vc_column_container col no-extra-padding\"  data-padding-pos=\"all\" data-has-bg-color=\"false\" data-bg-color=\"\" data-bg-opacity=\"1\" data-animation=\"\" data-delay=\"0\" >\n\t\t<div class=\"vc_column-inner\" >\n\t\t\t<div class=\"wpb_wrapper\">\n\t\t\t\t<div id=\"fws_69e774eef11b2\" data-midnight=\"\" data-column-margin=\"default\" class=\"wpb_row vc_row-fluid vc_row inner_row  vc_custom_1564649929518 blue\"  style=\"\"><div class=\"row-bg-wrap\"> <div class=\"row-bg\" ><\/div> <\/div><div class=\"row_col_wrap_12_inner col span_12  left\">\n\t<div  class=\"vc_col-sm-12 wpb_column column_container vc_column_container col child_column no-extra-padding\"   data-padding-pos=\"all\" data-has-bg-color=\"false\" data-bg-color=\"\" data-bg-opacity=\"1\" data-animation=\"\" data-delay=\"0\" >\n\t\t<div class=\"vc_column-inner\" >\n\t\t<div class=\"wpb_wrapper\">\n\t\t\t\n<div class=\"wpb_text_column wpb_content_element  vc_custom_1579690118983\" >\n\t<div class=\"wpb_wrapper\">\n\t\t<p>Telefon: <a style=\"text-decoration: none\" href=\"tel:+498212082900\">0821_208 290-0<\/a><br \/>\nTelefax: 0821_208 290-15<br \/>\n<a href=\"ma&#105;&#108;&#116;&#x6f;&#x3a;&#x69;&#x6e;fo&#64;&#103;&#108;&#x61;&#x73;&#x2d;&#x73;ee&#108;&#101;&#46;&#x64;&#x65;\">&#x69;&#110;&#102;o&#x40;&#x67;&#108;a&#x73;&#x2d;&#115;ee&#x6c;&#101;&#46;d&#x65;<\/a><\/p>\n\t<\/div>\n<\/div>\n\n\n\n\n\t\t<\/div> \n\t<\/div>\n\t<\/div> \n<\/div><\/div>\n\t\t\t<\/div> \n\t\t<\/div>\n\t<\/div> \n<\/div><\/div>\n","protected":false},"excerpt":{"rendered":"Schlagfertiges MONTAGETEAM Handwerk mit direktem Draht zum Kunden Die Montageteams sind das Herz unseres Unternehmens. Denn als Monteurinnen und Monteure bilden Sie die wichtigste Schnittstelle zwischen unserem Unternehmen und unseren...","protected":false},"author":1,"featured_media":0,"parent":463,"menu_order":0,"comment_status":"closed","ping_status":"closed","template":"","meta":{"footnotes":""},"class_list":["post-1013","page","type-page","status-publish"],"publishpress_future_action":{"enabled":false,"date":"2026-04-28 15:00:31","action":"change-status","newStatus":"draft","terms":[],"taxonomy":""},"publishpress_future_workflow_manual_trigger":{"enabledWorkflows":[]},"_links":{"self":[{"href":"https:\/\/glas-seele.hennemann-webdesign.de\/metall\/wp-json\/wp\/v2\/pages\/1013","targetHints":{"allow":["GET"]}}],"collection":[{"href":"https:\/\/glas-seele.hennemann-webdesign.de\/metall\/wp-json\/wp\/v2\/pages"}],"about":[{"href":"https:\/\/glas-seele.hennemann-webdesign.de\/metall\/wp-json\/wp\/v2\/types\/page"}],"author":[{"embeddable":true,"href":"https:\/\/glas-seele.hennemann-webdesign.de\/metall\/wp-json\/wp\/v2\/users\/1"}],"replies":[{"embeddable":true,"href":"https:\/\/glas-seele.hennemann-webdesign.de\/metall\/wp-json\/wp\/v2\/comments?post=1013"}],"version-history":[{"count":28,"href":"https:\/\/glas-seele.hennemann-webdesign.de\/metall\/wp-json\/wp\/v2\/pages\/1013\/revisions"}],"predecessor-version":[{"id":1972,"href":"https:\/\/glas-seele.hennemann-webdesign.de\/metall\/wp-json\/wp\/v2\/pages\/1013\/revisions\/1972"}],"up":[{"embeddable":true,"href":"https:\/\/glas-seele.hennemann-webdesign.de\/metall\/wp-json\/wp\/v2\/pages\/463"}],"wp:attachment":[{"href":"https:\/\/glas-seele.hennemann-webdesign.de\/metall\/wp-json\/wp\/v2\/media?parent=1013"}],"curies":[{"name":"wp","href":"https:\/\/api.w.org\/{rel}","templated":true}]}}