{"id":1574,"date":"2019-11-05T10:20:22","date_gmt":"2019-11-05T09:20:22","guid":{"rendered":"https:\/\/glasseele.kbwbrands.de\/metall\/?page_id=1574"},"modified":"2020-01-23T11:09:22","modified_gmt":"2020-01-23T10:09:22","slug":"online-bewerbung","status":"publish","type":"page","link":"https:\/\/glas-seele.hennemann-webdesign.de\/metall\/karriere\/online-bewerbung\/","title":{"rendered":"Online-Bewerbung"},"content":{"rendered":"\n\t\t<div id=\"fws_69e789642caa7\"  data-column-margin=\"default\" data-midnight=\"dark\" data-bottom-percent=\"5%\"  data-bg-mobile-hidden=\"true\" class=\"wpb_row vc_row-fluid vc_row full-width-section start\"  style=\"padding-top: 240px; padding-bottom: calc(100vw * 0.05); \"><div class=\"row-bg-wrap\" data-bg-animation=\"none\" data-bg-animation-delay=\"\" data-bg-overlay=\"false\"><div class=\"inner-wrap row-bg-layer using-image\" ><div class=\"row-bg viewport-desktop using-image\"  style=\"background-image: url(https:\/\/glas-seele.hennemann-webdesign.de\/metall\/wp-content\/uploads\/sites\/2\/2019\/11\/glas_seele-glas-bg-home.jpg); background-position: center top; background-repeat: no-repeat; \"><\/div><\/div><\/div><div class=\"row_col_wrap_12 col span_12 dark left\">\n\t<div  class=\"vc_col-sm-6 wpb_column column_container vc_column_container col has-animation no-extra-padding\"  data-padding-pos=\"all\" data-has-bg-color=\"false\" data-bg-color=\"\" data-bg-opacity=\"1\" data-animation=\"fade-in-from-left\" data-delay=\"0\" >\n\t\t<div class=\"vc_column-inner\" >\n\t\t\t<div class=\"wpb_wrapper\">\n\t\t\t\t\n<div class=\"wpb_text_column wpb_content_element \" >\n\t<div class=\"wpb_wrapper\">\n\t\t<h1>IHRE KARRIERE IN EINER ZUKUNFTSBRANCHE<\/h1>\n<h2>Jetzt im Job durchstarten!<\/h2>\n<p>Innovative Ideen aus Glas und Metall sind genau Ihr Ding? Dann sollten wir uns kennenlernen!<\/p>\n<p>Unser Familienbetrieb w\u00e4chst schnell und ist weit \u00fcber die Region Augsburg hinaus als moderner und attraktiver Arbeitgeber bekannt.<\/p>\n<p>Sie suchen ein tolles Team, in dem Fairness und echter Zusammenhalt gro\u00dfgeschrieben werden? Sie m\u00f6chten Sich weiterentwickeln und sind immer auf der Suche nach spannenden Aufgaben? Dann freuen wir uns auf Ihre Bewerbung!<\/p>\n\t<\/div>\n<\/div>\n\n\n\n<div class=\"divider-wrap\" data-alignment=\"default\"><div style=\"height: 40px;\" class=\"divider\"><\/div><\/div>\n\t\t\t<\/div> \n\t\t<\/div>\n\t<\/div> \n\n\t<div  class=\"vc_col-sm-6 wpb_column column_container vc_column_container col no-extra-padding\"  data-padding-pos=\"all\" data-has-bg-color=\"false\" data-bg-color=\"\" data-bg-opacity=\"1\" data-animation=\"\" data-delay=\"0\" >\n\t\t<div class=\"vc_column-inner\" >\n\t\t\t<div class=\"wpb_wrapper\">\n\t\t\t\t\n\t\t\t<\/div> \n\t\t<\/div>\n\t<\/div> \n<\/div><\/div>\n\t\t<div id=\"fws_69e789642f3e8\"  data-column-margin=\"default\" data-midnight=\"dark\" data-bottom-percent=\"5%\"  class=\"wpb_row vc_row-fluid vc_row full-width-section\"  style=\"padding-top: 0px; padding-bottom: calc(100vw * 0.05); \"><div class=\"row-bg-wrap\" data-bg-animation=\"none\" data-bg-animation-delay=\"\" data-bg-overlay=\"false\"><div class=\"inner-wrap row-bg-layer\" ><div class=\"row-bg viewport-desktop\"  style=\"\"><\/div><\/div><\/div><div class=\"row_col_wrap_12 col span_12 dark left\">\n\t<div  class=\"vc_col-sm-8 wpb_column column_container vc_column_container col no-extra-padding\"  data-padding-pos=\"all\" data-has-bg-color=\"false\" data-bg-color=\"\" data-bg-opacity=\"1\" data-animation=\"\" data-delay=\"0\" >\n\t\t<div class=\"vc_column-inner\" >\n\t\t\t<div class=\"wpb_wrapper\">\n\t\t\t\t\n<div class=\"wpb_text_column wpb_content_element \" >\n\t<div class=\"wpb_wrapper\">\n\t\t<div class=\"forminator-ui forminator-custom-form forminator-custom-form-1572   forminator_ajax\" data-forminator-render=\"0\" data-form=\"forminator-module-1572\" data-uid=\"69e789643005b\"><br\/><\/div><form\r\n\t\t\t\tid=\"forminator-module-1572\"\r\n\t\t\t\tclass=\"forminator-ui forminator-custom-form forminator-custom-form-1572   forminator_ajax\"\r\n\t\t\t\tmethod=\"post\"\r\n\t\t\t\tdata-forminator-render=\"0\"\r\n\t\t\t\tdata-form-id=\"1572\"\r\n\t\t\t\t\r\n\t\t\t\tdata-design=\"none\"\r\n\t\t\t\t\r\n\t\t\t\t\r\n\t\t\t\t\r\n\t\t\t\tdata-grid=\"open\"\r\n\t\t\t\tenctype=\"multipart\/form-data\"\r\n\t\t\t\t\r\n\t\t\t\tstyle=\"display: none;\"\r\n\t\t\t\t\r\n\t\t\t\tdata-uid=\"69e789643005b\"\r\n\t\t\t><div role=\"alert\" aria-live=\"polite\" class=\"forminator-response-message forminator-error\" aria-hidden=\"true\"><\/div><div class=\"forminator-row\"><div id=\"radio-1\" class=\"forminator-field-radio forminator-col forminator-col-12 \"><div role=\"radiogroup\" class=\"forminator-field\" aria-labelledby=\"forminator-radiogroup-radio-1-69e789643005b-label\"><span id=\"forminator-radiogroup-radio-1-69e789643005b-label\" class=\"forminator-label\">Anrede<\/span><label id=\"forminator-field-radio-1-label-1\" for=\"forminator-field-radio-1-1-69e789643005b\" class=\"forminator-radio\" title=\"Frau\"><input type=\"radio\" name=\"radio-1\" value=\"frau\" id=\"forminator-field-radio-1-1-69e789643005b\" aria-labelledby=\"forminator-field-radio-1-label-1\" data-calculation=\"0\"  \/><span class=\"forminator-radio-bullet\" aria-hidden=\"true\"><\/span><span class=\"forminator-radio-label\">Frau<\/span><\/label><label id=\"forminator-field-radio-1-label-2\" for=\"forminator-field-radio-1-2-69e789643005b\" class=\"forminator-radio\" title=\"Herr\"><input type=\"radio\" name=\"radio-1\" value=\"herr\" id=\"forminator-field-radio-1-2-69e789643005b\" aria-labelledby=\"forminator-field-radio-1-label-2\" data-calculation=\"0\"  \/><span class=\"forminator-radio-bullet\" aria-hidden=\"true\"><\/span><span class=\"forminator-radio-label\">Herr<\/span><\/label><label id=\"forminator-field-radio-1-label-3\" for=\"forminator-field-radio-1-3-69e789643005b\" class=\"forminator-radio\" title=\"Divers\"><input type=\"radio\" name=\"radio-1\" value=\"divers\" id=\"forminator-field-radio-1-3-69e789643005b\" aria-labelledby=\"forminator-field-radio-1-label-3\" data-calculation=\"0\"  \/><span class=\"forminator-radio-bullet\" aria-hidden=\"true\"><\/span><span class=\"forminator-radio-label\">Divers<\/span><\/label><\/div><\/div><\/div><div class=\"forminator-row\"><div id=\"name-1\" class=\"forminator-field-name forminator-col forminator-col-6 \"><div class=\"forminator-field\"><label for=\"forminator-field-name-1_69e789643005b\" id=\"forminator-field-name-1_69e789643005b-label\" class=\"forminator-label\">Vorname <span class=\"forminator-required\">*<\/span><\/label><input type=\"text\" name=\"name-1\" value=\"\" placeholder=\"\" id=\"forminator-field-name-1_69e789643005b\" class=\"forminator-input forminator-name--field\" aria-required=\"true\" \/><\/div><\/div><div id=\"name-2\" class=\"forminator-field-name forminator-col forminator-col-6 \"><div class=\"forminator-field\"><label for=\"forminator-field-name-2_69e789643005b\" id=\"forminator-field-name-2_69e789643005b-label\" class=\"forminator-label\">Name <span class=\"forminator-required\">*<\/span><\/label><input type=\"text\" name=\"name-2\" value=\"\" placeholder=\"\" id=\"forminator-field-name-2_69e789643005b\" class=\"forminator-input forminator-name--field\" aria-required=\"true\" \/><\/div><\/div><\/div><div class=\"forminator-row\"><div id=\"name-3\" class=\"forminator-field-name forminator-col forminator-col-6 \"><div class=\"forminator-field\"><label for=\"forminator-field-name-3_69e789643005b\" id=\"forminator-field-name-3_69e789643005b-label\" class=\"forminator-label\">Stra\u00dfe und Hausnummer<\/label><input type=\"text\" name=\"name-3\" value=\"\" placeholder=\"\" id=\"forminator-field-name-3_69e789643005b\" class=\"forminator-input forminator-name--field\" aria-required=\"false\" \/><\/div><\/div><div id=\"name-4\" class=\"forminator-field-name forminator-col forminator-col-6 \"><div class=\"forminator-field\"><label for=\"forminator-field-name-4_69e789643005b\" id=\"forminator-field-name-4_69e789643005b-label\" class=\"forminator-label\">PLZ und Ort<\/label><input type=\"text\" name=\"name-4\" value=\"\" placeholder=\"\" id=\"forminator-field-name-4_69e789643005b\" class=\"forminator-input forminator-name--field\" aria-required=\"false\" \/><\/div><\/div><\/div><div class=\"forminator-row\"><div id=\"phone-1\" class=\"forminator-field-phone forminator-col forminator-col-6 \"><div class=\"forminator-field\"><label for=\"forminator-field-phone-1_69e789643005b\" id=\"forminator-field-phone-1_69e789643005b-label\" class=\"forminator-label\">Telefonnummer<\/label><input type=\"text\" name=\"phone-1\" value=\"\" placeholder=\"\" id=\"forminator-field-phone-1_69e789643005b\" class=\"forminator-input forminator-field--phone\" data-required=\"\" aria-required=\"false\" autocomplete=\"off\" data-validation=\"1\" \/><\/div><\/div><div id=\"email-1\" class=\"forminator-field-email forminator-col forminator-col-6 \"><div class=\"forminator-field\"><label for=\"forminator-field-email-1_69e789643005b\" id=\"forminator-field-email-1_69e789643005b-label\" class=\"forminator-label\">E-Mail-Adresse <span class=\"forminator-required\">*<\/span><\/label><input type=\"email\" name=\"email-1\" value=\"\" placeholder=\"\" id=\"forminator-field-email-1_69e789643005b\" class=\"forminator-input forminator-email--field\" data-required=\"1\" aria-required=\"true\" \/><\/div><\/div><\/div><div class=\"forminator-row\"><div id=\"name-6\" class=\"forminator-field-name forminator-col forminator-col-6 \"><div class=\"forminator-field\"><label for=\"forminator-field-name-6_69e789643005b\" id=\"forminator-field-name-6_69e789643005b-label\" class=\"forminator-label\">Fr\u00fchester Eintrittstermin<\/label><input type=\"text\" name=\"name-6\" value=\"\" placeholder=\"\" id=\"forminator-field-name-6_69e789643005b\" class=\"forminator-input forminator-name--field\" aria-required=\"false\" \/><\/div><\/div><div id=\"name-7\" class=\"forminator-field-name forminator-col forminator-col-6 \"><div class=\"forminator-field\"><label for=\"forminator-field-name-7_69e789643005b\" id=\"forminator-field-name-7_69e789643005b-label\" class=\"forminator-label\">Gehaltsvorstellung (Brutto \/ Jahr)<\/label><input type=\"text\" name=\"name-7\" value=\"\" placeholder=\"\" id=\"forminator-field-name-7_69e789643005b\" class=\"forminator-input forminator-name--field\" aria-required=\"false\" \/><\/div><\/div><\/div><div class=\"forminator-row\"><div id=\"name-9\" class=\"forminator-field-name forminator-col forminator-col-6 \"><div class=\"forminator-field\"><label for=\"forminator-field-name-9_69e789643005b\" id=\"forminator-field-name-9_69e789643005b-label\" class=\"forminator-label\">Geburtsdatum<\/label><input type=\"text\" name=\"name-9\" value=\"\" placeholder=\"\" id=\"forminator-field-name-9_69e789643005b\" class=\"forminator-input forminator-name--field\" aria-required=\"false\" \/><\/div><\/div><div id=\"name-8\" class=\"forminator-field-name forminator-col forminator-col-6 \"><div class=\"forminator-field\"><label for=\"forminator-field-name-8_69e789643005b\" id=\"forminator-field-name-8_69e789643005b-label\" class=\"forminator-label\">Bewerbung als<\/label><input type=\"text\" name=\"name-8\" value=\"\" placeholder=\"\" id=\"forminator-field-name-8_69e789643005b\" class=\"forminator-input forminator-name--field\" aria-required=\"false\" \/><\/div><\/div><\/div><div class=\"forminator-row\"><div id=\"upload-1\" class=\"forminator-field-upload forminator-col forminator-col-6 \"><div class=\"forminator-field\"><label for=\"forminator-field-upload-1_69e789643005b\" id=\"forminator-field-upload-1_69e789643005b-label\" class=\"forminator-label\">Anschreiben<\/label><div class=\"forminator-file-upload \" data-element=\"upload-1_69e789643005b\"><input type=\"file\" name=\"upload-1\" id=\"forminator-field-upload-1_69e789643005b\" class=\"forminator-input-file\" accept=\".pdf,.redux,.jpg,.jpeg,.jpe,.png\"><button class=\"forminator-upload--remove\" style=\"display: none;\">Entfernen<\/button><\/div><\/div><\/div><div id=\"upload-2\" class=\"forminator-field-upload forminator-col forminator-col-6 \"><div class=\"forminator-field\"><label for=\"forminator-field-upload-2_69e789643005b\" id=\"forminator-field-upload-2_69e789643005b-label\" class=\"forminator-label\">Lebenslauf<\/label><div class=\"forminator-file-upload \" data-element=\"upload-2_69e789643005b\"><input type=\"file\" name=\"upload-2\" id=\"forminator-field-upload-2_69e789643005b\" class=\"forminator-input-file\" accept=\".pdf,.redux,.jpg,.jpeg,.jpe,.png\"><button class=\"forminator-upload--remove\" style=\"display: none;\">Entfernen<\/button><\/div><\/div><\/div><\/div><div class=\"forminator-row\"><div id=\"upload-9\" class=\"forminator-field-upload forminator-col forminator-col-6 \"><div class=\"forminator-field\"><label for=\"forminator-field-upload-9_69e789643005b\" id=\"forminator-field-upload-9_69e789643005b-label\" class=\"forminator-label\">Bild<\/label><div class=\"forminator-file-upload \" data-element=\"upload-9_69e789643005b\"><input type=\"file\" name=\"upload-9\" id=\"forminator-field-upload-9_69e789643005b\" class=\"forminator-input-file\" accept=\".jpg,.jpeg,.jpe,.redux,.png,.pdf\"><button class=\"forminator-upload--remove\" style=\"display: none;\">Entfernen<\/button><\/div><\/div><\/div><div id=\"upload-3\" class=\"forminator-field-upload forminator-col forminator-col-6 \"><div class=\"forminator-field\"><label for=\"forminator-field-upload-3_69e789643005b\" id=\"forminator-field-upload-3_69e789643005b-label\" class=\"forminator-label\">Zeugnis 1<\/label><div class=\"forminator-file-upload \" data-element=\"upload-3_69e789643005b\"><input type=\"file\" name=\"upload-3\" id=\"forminator-field-upload-3_69e789643005b\" class=\"forminator-input-file\" accept=\".pdf,.redux,.jpg,.jpeg,.jpe,.png\"><button class=\"forminator-upload--remove\" style=\"display: none;\">Entfernen<\/button><\/div><\/div><\/div><\/div><div class=\"forminator-row\"><div id=\"upload-4\" class=\"forminator-field-upload forminator-col forminator-col-6 \"><div class=\"forminator-field\"><label for=\"forminator-field-upload-4_69e789643005b\" id=\"forminator-field-upload-4_69e789643005b-label\" class=\"forminator-label\">Zeugnis 3<\/label><div class=\"forminator-file-upload \" data-element=\"upload-4_69e789643005b\"><input type=\"file\" name=\"upload-4\" id=\"forminator-field-upload-4_69e789643005b\" class=\"forminator-input-file\" accept=\".pdf,.redux,.jpg,.jpeg,.jpe,.png\"><button class=\"forminator-upload--remove\" style=\"display: none;\">Entfernen<\/button><\/div><\/div><\/div><div id=\"upload-5\" class=\"forminator-field-upload forminator-col forminator-col-6 \"><div class=\"forminator-field\"><label for=\"forminator-field-upload-5_69e789643005b\" id=\"forminator-field-upload-5_69e789643005b-label\" class=\"forminator-label\">Zeugnis 2<\/label><div class=\"forminator-file-upload \" data-element=\"upload-5_69e789643005b\"><input type=\"file\" name=\"upload-5\" id=\"forminator-field-upload-5_69e789643005b\" class=\"forminator-input-file\" accept=\".pdf,.redux,.jpg,.jpeg,.jpe,.png\"><button class=\"forminator-upload--remove\" style=\"display: none;\">Entfernen<\/button><\/div><\/div><\/div><\/div><div class=\"forminator-row\"><div id=\"gdprcheckbox-1\" class=\"forminator-field-gdprcheckbox forminator-col forminator-col-12 \"><div class=\"forminator-field\"><label for=\"forminator-field-gdprcheckbox-1_69e789643005b\" id=\"forminator-field-gdprcheckbox-1_69e789643005b-label\" class=\"forminator-label\">Datenschutzhinweis <span class=\"forminator-required\">*<\/span><\/label><label for=\"forminator-field-gdprcheckbox-1_69e789643005b\" class=\"forminator-checkbox\"><input type=\"checkbox\" name=\"gdprcheckbox-1\" value=\"true\" id=\"forminator-field-gdprcheckbox-1_69e789643005b\" data-required=\"true\" aria-required=\"true\" \/><span class=\"forminator-checkbox-box\" aria-hidden=\"true\"><\/span><span class=\"forminator-checkbox-label\">Ich stimme zu, dass meine Angaben aus dem Formular im Rahmen meiner Bewerbung erhoben und verarbeitet werden. Die Daten werden nach abgeschlossener Bearbeitung gel\u00f6scht. Hinweis: Sie k\u00f6nnen Ihre Einwilligung jederzeit f\u00fcr die Zukunft per E-Mail an &#x69;&#x6e;&#x66;&#x6f;&#x40;&#x67;&#x6c;&#x61;&#x73;&#x2d;&#x73;&#x65;&#x65;&#x6c;&#x65;&#x2e;&#x64;&#x65; widerrufen. Detaillierte Informationen zum Umgang mit Nutzerdaten finden Sie in unserer Datenschutzerkl\u00e4rung.<\/span><\/label><\/div><\/div><\/div><div class=\"forminator-row\"><div id=\"captcha-1\" class=\"forminator-field-captcha forminator-col forminator-col-12 \"><div class=\"forminator-captcha-left forminator-g-recaptcha\" data-theme=\"light\"  data-sitekey=\"6LcYvaQUAAAAAJ2QszvOhEkyJ6D72J9rGhKMX3fb\" data-size=\"normal\"><\/div> <\/div><\/div><input type=\"hidden\" name=\"referer_url\" value=\"\" \/><div class=\"forminator-row forminator-row-last\"><div class=\"forminator-col\"><div class=\"forminator-field\"><button class=\"forminator-button forminator-button-submit\">Anfrage &uuml;bermitteln<\/button><\/div><\/div><\/div><input type=\"hidden\" id=\"forminator_nonce\" name=\"forminator_nonce\" value=\"ad1c9c761a\" \/><input type=\"hidden\" name=\"_wp_http_referer\" value=\"\/metall\/wp-json\/wp\/v2\/pages\/1574\" \/><input type=\"hidden\" name=\"form_id\" value=\"1572\"><input type=\"hidden\" name=\"page_id\" value=\"1574\"><input type=\"hidden\" name=\"form_type\" value=\"\"><input type=\"hidden\" name=\"current_url\" value=\"https:\/\/glas-seele.hennemann-webdesign.de\/metall\/karriere\/online-bewerbung\/\"><input type=\"hidden\" name=\"render_id\" value=\"0\"><input type=\"hidden\" name=\"action\" value=\"forminator_submit_form_custom-forms\"><label for=\"input_19\" class=\"forminator-hidden\" aria-hidden=\"true\">Bitte f\u00fclle dieses Feld nicht aus. <input id=\"input_19\" type=\"text\" name=\"input_19\" value=\"\" autocomplete=\"off\"><\/label><\/form>\n\t<\/div>\n<\/div>\n\n\n\n<div class=\"divider-wrap\" data-alignment=\"default\"><div style=\"height: 40px;\" class=\"divider\"><\/div><\/div>\n<div class=\"wpb_text_column wpb_content_element \" >\n\t<div class=\"wpb_wrapper\">\n\t\t<h4>Wichtige Hinweise zu Dateianh\u00e4ngen<\/h4>\n<p>Anh\u00e4nge sind nur im Format pdf, png oder jpg und bis zu einer Gr\u00f6\u00dfe von je 3 MB m\u00f6glich. Beim Absenden des Formulares werden die Dateianh\u00e4nge \u00fcbertragen, dies kann je nach Dateigr\u00f6\u00dfe und Internetverbindung mehrere Minuten dauern. Bitte lassen Sie daher die Seite so lange ge\u00f6ffnet, bis die \u00dcbermittlungsbest\u00e4tigung erscheint!<\/p>\n\t<\/div>\n<\/div>\n\n\n\n\n\t\t\t<\/div> \n\t\t<\/div>\n\t<\/div> \n\n\t<div  class=\"vc_col-sm-4 vc_col-lg-offset-0 wpb_column column_container vc_column_container col padding-3-percent\"  data-padding-pos=\"all\" data-has-bg-color=\"false\" data-bg-color=\"\" data-bg-opacity=\"1\" data-animation=\"\" data-delay=\"0\" >\n\t\t<div class=\"vc_column-inner\" >\n\t\t\t<div class=\"wpb_wrapper\">\n\t\t\t\t\n<div class=\"wpb_text_column wpb_content_element  vc_custom_1579689759332\" >\n\t<div class=\"wpb_wrapper\">\n\t\t<p><img loading=\"lazy\" decoding=\"async\" class=\"alignnone wp-image-1314 size-full\" src=\"https:\/\/glas-seele.hennemann-webdesign.de\/glas\/wp-content\/uploads\/sites\/3\/2019\/10\/glas_seele-team-29m-quad.jpg\" alt=\"\" width=\"765\" height=\"765\" \/><\/p>\n<h4>Ihre Ansprechpartnerin<\/h4>\n<p><strong>Irmgard H\u00f6lzl<\/strong><\/p>\n<p>Telefon: <a style=\"text-decoration: none\" href=\"tel:+4982120829023\">0821_208 290-23<\/a><br \/>\nTelefax: 0821_208 290-15<br \/>\n<a href=\"&#x6d;&#x61;&#x69;&#x6c;&#x74;&#x6f;&#x3a;&#x62;&#x65;&#x77;&#x65;&#x72;&#x62;&#x75;&#x6e;&#x67;&#x40;&#x67;&#x6c;&#x61;&#x73;&#x2d;&#115;&#101;&#101;&#108;&#101;&#46;&#100;&#101;\">&#98;e&#x77;e&#x72;&#98;&#x75;&#110;&#x67;&#64;g&#x6c;a&#x73;&#45;&#x73;&#101;&#x65;&#108;&#x65;&#46;d&#x65;<\/a><\/p>\n\t<\/div>\n<\/div>\n\n\n\n\n\t\t\t<\/div> \n\t\t<\/div>\n\t<\/div> \n<\/div><\/div>\n","protected":false},"excerpt":{"rendered":"IHRE KARRIERE IN EINER ZUKUNFTSBRANCHE Jetzt im Job durchstarten! Innovative Ideen aus Glas und Metall sind genau Ihr Ding? Dann sollten wir uns kennenlernen! Unser Familienbetrieb w\u00e4chst schnell und ist...","protected":false},"author":1,"featured_media":0,"parent":463,"menu_order":0,"comment_status":"closed","ping_status":"closed","template":"","meta":{"footnotes":""},"class_list":["post-1574","page","type-page","status-publish"],"publishpress_future_action":{"enabled":false,"date":"2026-04-28 16:27:48","action":"change-status","newStatus":"draft","terms":[],"taxonomy":""},"publishpress_future_workflow_manual_trigger":{"enabledWorkflows":[]},"_links":{"self":[{"href":"https:\/\/glas-seele.hennemann-webdesign.de\/metall\/wp-json\/wp\/v2\/pages\/1574","targetHints":{"allow":["GET"]}}],"collection":[{"href":"https:\/\/glas-seele.hennemann-webdesign.de\/metall\/wp-json\/wp\/v2\/pages"}],"about":[{"href":"https:\/\/glas-seele.hennemann-webdesign.de\/metall\/wp-json\/wp\/v2\/types\/page"}],"author":[{"embeddable":true,"href":"https:\/\/glas-seele.hennemann-webdesign.de\/metall\/wp-json\/wp\/v2\/users\/1"}],"replies":[{"embeddable":true,"href":"https:\/\/glas-seele.hennemann-webdesign.de\/metall\/wp-json\/wp\/v2\/comments?post=1574"}],"version-history":[{"count":13,"href":"https:\/\/glas-seele.hennemann-webdesign.de\/metall\/wp-json\/wp\/v2\/pages\/1574\/revisions"}],"predecessor-version":[{"id":1989,"href":"https:\/\/glas-seele.hennemann-webdesign.de\/metall\/wp-json\/wp\/v2\/pages\/1574\/revisions\/1989"}],"up":[{"embeddable":true,"href":"https:\/\/glas-seele.hennemann-webdesign.de\/metall\/wp-json\/wp\/v2\/pages\/463"}],"wp:attachment":[{"href":"https:\/\/glas-seele.hennemann-webdesign.de\/metall\/wp-json\/wp\/v2\/media?parent=1574"}],"curies":[{"name":"wp","href":"https:\/\/api.w.org\/{rel}","templated":true}]}}